{"id":1136,"date":"2026-02-02T21:25:53","date_gmt":"2026-02-02T21:25:53","guid":{"rendered":"https:\/\/v-re.net\/?page_id=1136"},"modified":"2026-02-03T18:52:21","modified_gmt":"2026-02-03T18:52:21","slug":"presentacion","status":"publish","type":"page","link":"https:\/\/v-re.net\/en\/presentacion\/","title":{"rendered":"Presentation"},"content":{"rendered":"<!DOCTYPE html>\n<html lang=\"es\">\n<head>\n    <meta charset=\"UTF-8\">\n    <meta name=\"viewport\" content=\"width=device-width, initial-scale=1.0\">\n    <title>V-RE &#8211; Sobre Nosotros<\/title>\n    <style>\n        * {\n            margin: 0;\n            padding: 0;\n            box-sizing: border-box;\n        }\n\n        body {\n            font-family: -apple-system, BlinkMacSystemFont, 'Segoe UI', Roboto, 'Helvetica Neue', Arial, sans-serif;\n            line-height: 1.6;\n            color: #2c3e50;\n            background: #0D0D0F;\n            min-height: 100vh;\n        }\n\n        .container {\n            max-width: 1200px;\n            margin: 0 auto;\n            padding: 20px;\n        }\n\n        \/* Header con layout de dos columnas en desktop *\/\n        .header {\n            display: grid;\n            grid-template-columns: 1fr 1fr;\n            gap: 60px;\n            align-items: center;\n            padding: 60px 20px;\n            color: white;\n        }\n\n        .photo-container {\n            width: 100%;\n            max-width: 500px;\n            height: auto;\n            aspect-ratio: 4\/3;\n            border-radius: 20px;\n            overflow: hidden;\n            background: linear-gradient(135deg, #007AFF 0%, #0051D5 100%);\n            padding: 12px;\n            box-shadow: 0 10px 30px rgba(0, 122, 255, 0.5),\n                        0 0 40px rgba(0, 122, 255, 0.3);\n            position: relative;\n        }\n\n        .photo-container::before {\n            content: '';\n            position: absolute;\n            top: 0;\n            left: 0;\n            right: 0;\n            bottom: 0;\n            border-radius: 20px;\n            background: linear-gradient(135deg, \n                rgba(0, 122, 255, 0.8) 0%, \n                rgba(0, 81, 213, 0.6) 50%, \n                rgba(0, 122, 255, 0.8) 100%);\n            padding: 2px;\n            -webkit-mask: linear-gradient(#fff 0 0) content-box, linear-gradient(#fff 0 0);\n            -webkit-mask-composite: xor;\n            mask-composite: exclude;\n            pointer-events: none;\n            animation: borderGlow 3s ease-in-out infinite;\n        }\n\n        @keyframes borderGlow {\n            0%, 100% {\n                opacity: 1;\n                filter: brightness(1);\n            }\n            50% {\n                opacity: 0.7;\n                filter: brightness(1.3);\n            }\n        }\n\n        .photo-inner {\n            width: 100%;\n            height: 100%;\n            border-radius: 12px;\n            overflow: hidden;\n            background: #0D0D0F;\n        }\n\n        .photo-container img {\n            width: 100%;\n            height: 100%;\n            object-fit: cover;\n            object-position: center;\n            display: block;\n        }\n\n        .header-text {\n            display: flex;\n            flex-direction: column;\n            justify-content: center;\n        }\n\n        .tagline {\n            font-size: 32px;\n            font-weight: 700;\n            letter-spacing: -0.5px;\n            color: #007AFF;\n            text-transform: uppercase;\n            line-height: 1.3;\n        }\n\n        .content-card {\n            background: rgba(255, 255, 255, 0.03);\n            border-radius: 20px;\n            padding: 50px;\n            margin: 30px 0;\n            box-shadow: 0 10px 40px rgba(0, 0, 0, 0.3);\n            border: 1px solid rgba(255, 255, 255, 0.1);\n            position: relative;\n        }\n\n        h1 {\n            font-size: 36px;\n            color: #007AFF;\n            margin-bottom: 30px;\n            text-align: center;\n            font-weight: 800;\n            letter-spacing: -1px;\n        }\n\n        h2 {\n            font-size: 28px;\n            color: #007AFF;\n            margin: 40px 0 20px 0;\n            padding-bottom: 10px;\n            border-bottom: 2px solid rgba(0, 122, 255, 0.3);\n            font-weight: 700;\n            letter-spacing: -0.5px;\n        }\n\n        p {\n            font-size: 18px;\n            margin-bottom: 20px;\n            text-align: justify;\n            color: rgba(255, 255, 255, 0.85);\n            line-height: 1.7;\n        }\n\n        .highlight {\n            background: rgba(0, 122, 255, 0.1);\n            padding: 30px;\n            border-radius: 15px;\n            margin: 30px 0;\n            border-left: 4px solid #007AFF;\n        }\n\n        .highlight p {\n            font-size: 20px;\n            font-weight: 500;\n            color: rgba(255, 255, 255, 0.95);\n            margin: 0;\n        }\n\n        ul {\n            list-style: none;\n            margin: 20px 0;\n        }\n\n        ul li {\n            font-size: 18px;\n            padding: 12px 0;\n            color: rgba(255, 255, 255, 0.85);\n        }\n\n        .founders-section {\n            background: rgba(255, 255, 255, 0.05);\n            padding: 30px;\n            border-radius: 15px;\n            margin: 30px 0;\n            border: 1px solid rgba(255, 255, 255, 0.1);\n        }\n\n        .mission-statement {\n            background: rgba(0, 122, 255, 0.15);\n            color: white;\n            padding: 40px;\n            border-radius: 15px;\n            text-align: center;\n            margin: 40px 0;\n            border: 1px solid rgba(0, 122, 255, 0.3);\n        }\n\n        .mission-statement p {\n            font-size: 22px;\n            font-weight: 600;\n            color: rgba(255, 255, 255, 0.95);\n            margin: 0;\n            text-align: center;\n            letter-spacing: -0.3px;\n        }\n\n        \/* Footer styles *\/\n        .vre-footer {\n            padding: 70px 20px 40px 20px;\n            background-color: #0D0D0F;\n            color: #fff;\n            border-top: 1px solid rgba(255, 255, 255, 0.06);\n            margin-top: 60px;\n        }\n\n        .vre-footer__wrap {\n            max-width: 900px;\n            margin: 0 auto;\n        }\n\n        .vre-footer__top {\n            display: flex;\n            flex-direction: column;\n            align-items: center;\n            text-align: center;\n            margin-bottom: 60px;\n        }\n\n        .vre-footer__logo img {\n            height: 145px;\n            width: auto;\n            margin-bottom: 30px;\n            filter: drop-shadow(0 10px 30px rgba(0, 122, 255, 0.2));\n        }\n\n        .vre-footer__tagline {\n            font-size: 38px;\n            font-weight: 800;\n            letter-spacing: -1.5px;\n            margin: 0 0 35px 0;\n            line-height: 1.1;\n            color: #007AFF;\n            text-transform: uppercase;\n        }\n\n        .vre-footer__social {\n            display: flex;\n            gap: 25px;\n        }\n\n        .vre-social {\n            color: #fff;\n            background: rgba(255, 255, 255, 0.03);\n            width: 50px;\n            height: 50px;\n            display: flex;\n            align-items: center;\n            justify-content: center;\n            border-radius: 14px;\n            transition: all 0.3s cubic-bezier(0.4, 0, 0.2, 1);\n            border: 1px solid rgba(255, 255, 255, 0.1);\n        }\n\n        .vre-social:hover {\n            background: #007AFF;\n            border-color: #007AFF;\n            transform: translateY(-5px);\n            box-shadow: 0 10px 25px rgba(0, 122, 255, 0.4);\n        }\n\n        .vre-footer__bottom {\n            border-top: 1px solid rgba(255,255,255,0.06);\n            padding-top: 35px;\n            display: flex;\n            justify-content: space-between;\n            align-items: center;\n            font-size: 13px;\n            color: rgba(255,255,255,0.4);\n            flex-wrap: wrap;\n            gap: 20px;\n        }\n\n        .vre-footer__legal {\n            display: flex;\n            align-items: center;\n            flex-wrap: wrap;\n            gap: 25px;\n        }\n\n        .vre-footer__legal a, \n        .cmplz-manage-consent {\n            color: rgba(255,255,255,0.4);\n            text-decoration: none;\n            background: none;\n            border: none;\n            padding: 0;\n            font-size: 13px;\n            cursor: pointer;\n            font-family: inherit;\n            transition: color 0.2s;\n        }\n\n        .vre-footer__legal a:hover,\n        .cmplz-manage-consent:hover { \n            color: #007AFF; \n        }\n\n        \/* Responsive - Mobile *\/\n        @media (max-width: 768px) {\n            .header {\n                grid-template-columns: 1fr;\n                gap: 30px;\n                padding: 40px 20px;\n                text-align: center;\n            }\n\n            .photo-container {\n                max-width: 100%;\n                margin: 0 auto;\n            }\n\n            .header-text {\n                align-items: center;\n            }\n\n            .tagline {\n                font-size: 24px;\n                text-align: center;\n            }\n\n            .content-card {\n                padding: 30px 25px;\n            }\n\n            h1 {\n                font-size: 28px;\n            }\n\n            h2 {\n                font-size: 24px;\n            }\n\n            p, ul li {\n                font-size: 16px;\n            }\n\n            .mission-statement p {\n                font-size: 18px;\n            }\n\n            .vre-footer__tagline { \n                font-size: 28px; \n            }\n            \n            .vre-footer__logo img { \n                height: 60px; \n            }\n            \n            .vre-footer__bottom { \n                flex-direction: column; \n                text-align: center; \n            }\n            \n            .vre-footer__legal { \n                justify-content: center; \n                gap: 15px; \n            }\n        }\n\n        \/* Tablet breakpoint *\/\n        @media (min-width: 769px) and (max-width: 1024px) {\n            .header {\n                gap: 40px;\n            }\n\n            .tagline {\n                font-size: 28px;\n            }\n        }\n    <\/style>\n<\/head>\n<body>\n    <div class=\"container\">\n        <div class=\"header\">\n            <div class=\"photo-container\">\n                <div class=\"photo-inner\">\n                    <img decoding=\"async\" src=\"https:\/\/v-re.net\/wp-content\/uploads\/2026\/02\/Gemini_Generated_Image_jl948bjl948bjl94.png\" alt=\"Equipo V-RE\">\n                <\/div>\n            <\/div>\n            <div class=\"header-text\">\n                <div class=\"tagline\">\u00abCreemos que todos tenemos valor. Con V-RE te ayudamos a demostrarlo\u00bb<\/div>\n            <\/div>\n        <\/div>\n\n        <div class=\"content-card\">\n            <h1>\u00bfQui\u00e9nes somos?<\/h1>\n            \n            <p>\n                Despu\u00e9s de muchos a\u00f1os ejerciendo como profesional de Recursos Humanos, me di cuenta que hab\u00eda una carencia clara en el mercado laboral: la falta de una herramienta que permita a los propios trabajadores gestionar y demostrar su reputaci\u00f3n profesional.\n            <\/p>\n\n            <p>\n                Hasta ahora, para acceder a un puesto de trabajo, la principal prueba del desempe\u00f1o de una persona ha sido el curr\u00edculum y, en el mejor de los casos, una carta de recomendaci\u00f3n. Cartas que, con frecuencia, se redactan con prisas, con informaci\u00f3n gen\u00e9rica y poco objetiva, siguiendo plantillas que apenas cambian el nombre y apellidos del candidato.\n            <\/p>\n\n            <div class=\"highlight\">\n                <p>\n                    Pero\u2026 \u00bfEso realmente refleja qui\u00e9n es una persona? \u00bfC\u00f3mo trabaja? \u00bfCu\u00e1les son sus puntos fuertes? \u00bfEn qu\u00e9 destaca? \u00bfQu\u00e9 valor real puede aportar a un equipo o a una empresa?\n                <\/p>\n            <\/div>\n\n            <p>\n                Hoy en d\u00eda, un curr\u00edculum impecable puede generarse en segundos con inteligencia artificial. La verdadera pregunta es: \u00bfc\u00f3mo se demuestra el desempe\u00f1o real, la actitud, la fiabilidad y el impacto profesional en una sola p\u00e1gina o en una entrevista?\n            <\/p>\n\n            <h2>De esta reflexi\u00f3n naci\u00f3 V-RE<\/h2>\n\n            <div class=\"founders-section\">\n                <p>\n                    V-RE surge de la pasi\u00f3n compartida de dos profesionales:\n                <\/p>\n                <ul>\n                    <li>\u2022 la pasi\u00f3n por las personas, su talento y su bienestar profesional,<\/li>\n                    <li>\u2022 y la pasi\u00f3n por el desarrollo tecnol\u00f3gico y la innovaci\u00f3n digital.<\/li>\n                <\/ul>\n            <\/div>\n\n            <p>\n                Decidimos unir experiencia en RRHH y tecnolog\u00eda para crear una herramienta que d\u00e9 voz al profesional, que permita construir, mostrar y proteger su reputaci\u00f3n profesional real, m\u00e1s all\u00e1 de un CV tradicional.\n            <\/p>\n\n            <p>\n                Creemos firmemente que V-RE puede aportar un cambio significativo en la forma en la que hoy se desarrollan los procesos de selecci\u00f3n y la b\u00fasqueda de empleo, haciendo el mercado laboral m\u00e1s transparente, m\u00e1s justo y m\u00e1s humano.\n            <\/p>\n\n            <div class=\"mission-statement\">\n                <p>\n                    V-RE no es solo una app. Es una nueva forma de hablar de ti, de tu valor y de tu trayectoria profesional.\n                <\/p>\n            <\/div>\n        <\/div>\n    <\/div>\n\n    <footer class=\"vre-footer\" role=\"contentinfo\">\n        <div class=\"vre-footer__wrap\">\n            <div class=\"vre-footer__top\">\n                <a class=\"vre-footer__logo\" href=\"\/en\/\" aria-label=\"V-RE\">\n                    <img decoding=\"async\" src=\"https:\/\/v-re.net\/wp-content\/uploads\/2025\/12\/ChatGPT-Image-30-dic-2025-14_56_17.png\" alt=\"V-RE\" loading=\"lazy\">\n                <\/a>\n                \n                <h2 class=\"vre-footer__tagline\">Your reputation, your value, your future.<\/h2>\n\n                <div class=\"vre-footer__social\">\n                    <a class=\"vre-social\" href=\"mailto:soporte@v-re.net\" aria-label=\"Email\">\n                        <svg viewbox=\"0 0 24 24\" width=\"24\" height=\"24\" aria-hidden=\"true\"><path fill=\"currentColor\" d=\"M20 4H4c-1.1 0-2 .9-2 2v12c0 1.1.9 2 2 2h16c1.1 0 2-.9 2-2V6c0-1.1-.9-2-2-2Zm0 4-8 5-8-5V6l8 5 8-5v2Z\"\/><\/svg>\n                    <\/a>\n                    <a class=\"vre-social\" href=\"https:\/\/www.linkedin.com\/company\/v-re-virtual-recommendations\" target=\"_blank\" rel=\"noopener\" aria-label=\"LinkedIn\">\n                        <svg viewbox=\"0 0 24 24\" width=\"24\" height=\"24\" aria-hidden=\"true\"><path fill=\"currentColor\" d=\"M4.98 3.5A2.5 2.5 0 1 1 5 8.5a2.5 2.5 0 0 1-.02-5ZM3.5 9h3V21h-3V9Zm6 0h2.9v1.64h.04A3.18 3.18 0 0 1 15.3 8.9c3.05 0 3.6 2.01 3.6 4.62V21h-3v-6.28c0-1.5-.03-3.43-2.09-3.43-2.09 0-2.41 1.63-2.41 3.32V21h-3V9Z\"\/><\/svg>\n                    <\/a>\n                    <a class=\"vre-social\" href=\"https:\/\/x.com\/V-RE\" target=\"_blank\" rel=\"noopener\" aria-label=\"X\">\n                        <svg viewbox=\"0 0 24 24\" width=\"24\" height=\"24\" aria-hidden=\"true\"><path fill=\"currentColor\" d=\"M18.9 2H22l-6.8 7.8L22.9 22H17l-4.6-6-5.2 6H4l7.3-8.4L1.5 2h6.1l4.1 5.3L18.9 2Zm-1.1 18h1.7L6.6 4H4.8l13 16Z\"\/><\/svg>\n                    <\/a>\n                <\/div>\n            <\/div>\n\n            <div class=\"vre-footer__bottom\">\n                <p class=\"vre-footer__copy\">\u00a9 <span id=\"vre-year\"><\/span> V-RE. All rights reserved.<\/p>\n\n                <nav class=\"vre-footer__legal\">\n                    <a href=\"\/en\/politica-de-privacidad\/\">Privacy<\/a>\n                    <a href=\"\/en\/terminos-y-condiciones\/\">Terms<\/a>\n                    <button class=\"cmplz-manage-consent\">Cookies<\/button>\n                <\/nav>\n            <\/div>\n        <\/div>\n\n        <script>\n            (function(){ \n                var el = document.getElementById(\"vre-year\");\n                if(el) el.textContent = new Date().getFullYear();\n            })();\n        <\/script>\n    <\/footer>\n<\/body>\n<\/html>","protected":false},"excerpt":{"rendered":"<p>V-RE &#8211; Sobre Nosotros \u00abCreemos que todos tenemos valor. Con V-RE te ayudamos a demostrarlo\u00bb \u00bfQui\u00e9nes somos? Despu\u00e9s de muchos a\u00f1os ejerciendo como profesional de Recursos Humanos, me di cuenta que hab\u00eda una carencia clara en el mercado laboral: la falta de una herramienta que permita a los propios trabajadores gestionar y demostrar su reputaci\u00f3n [&hellip;]<\/p>\n","protected":false},"author":1,"featured_media":0,"parent":0,"menu_order":0,"comment_status":"closed","ping_status":"closed","template":"","meta":{"_gspb_post_css":"","_uag_custom_page_level_css":"","footnotes":""},"class_list":["post-1136","page","type-page","status-publish","hentry"],"blocksy_meta":[],"_hostinger_reach_plugin_has_subscription_block":false,"_hostinger_reach_plugin_is_elementor":false,"uagb_featured_image_src":{"full":false,"thumbnail":false,"medium":false,"medium_large":false,"large":false,"1536x1536":false,"2048x2048":false,"trp-custom-language-flag":false},"uagb_author_info":{"display_name":"monibob22","author_link":"https:\/\/v-re.net\/en\/author\/monibob22\/"},"uagb_comment_info":0,"uagb_excerpt":"V-RE &#8211; Sobre Nosotros \u00abCreemos que todos tenemos valor. Con V-RE te ayudamos a demostrarlo\u00bb \u00bfQui\u00e9nes somos? Despu\u00e9s de muchos a\u00f1os ejerciendo como profesional de Recursos Humanos, me di cuenta que hab\u00eda una carencia clara en el mercado laboral: la falta de una herramienta que permita a los propios trabajadores gestionar y demostrar su reputaci\u00f3n&hellip;","_links":{"self":[{"href":"https:\/\/v-re.net\/en\/wp-json\/wp\/v2\/pages\/1136","targetHints":{"allow":["GET"]}}],"collection":[{"href":"https:\/\/v-re.net\/en\/wp-json\/wp\/v2\/pages"}],"about":[{"href":"https:\/\/v-re.net\/en\/wp-json\/wp\/v2\/types\/page"}],"author":[{"embeddable":true,"href":"https:\/\/v-re.net\/en\/wp-json\/wp\/v2\/users\/1"}],"replies":[{"embeddable":true,"href":"https:\/\/v-re.net\/en\/wp-json\/wp\/v2\/comments?post=1136"}],"version-history":[{"count":15,"href":"https:\/\/v-re.net\/en\/wp-json\/wp\/v2\/pages\/1136\/revisions"}],"predecessor-version":[{"id":1156,"href":"https:\/\/v-re.net\/en\/wp-json\/wp\/v2\/pages\/1136\/revisions\/1156"}],"wp:attachment":[{"href":"https:\/\/v-re.net\/en\/wp-json\/wp\/v2\/media?parent=1136"}],"curies":[{"name":"wp","href":"https:\/\/api.w.org\/{rel}","templated":true}]}}